{"id":29881,"date":"2025-02-03T23:29:30","date_gmt":"2025-02-03T22:29:30","guid":{"rendered":"https:\/\/betreibung.operate.ch\/?page_id=29881"},"modified":"2025-02-03T23:37:00","modified_gmt":"2025-02-03T22:37:00","slug":"rechtsvorschlag-beseitigen","status":"publish","type":"page","link":"https:\/\/bspluswp.operate.ch\/it\/rechtsvorschlag-beseitigen\/","title":{"rendered":"Eliminare la proposta legale"},"content":{"rendered":"<p>[et_pb_section fb_built=&#8220;1&#8243; _builder_version=&#8220;4.27.4&#8243; _module_preset=&#8220;default&#8220; global_colors_info=&#8220;{}&#8220;][et_pb_row column_structure=&#8220;2_3,1_3&#8243; _builder_version=&#8220;4.27.4&#8243; _module_preset=&#8220;default&#8220; global_colors_info=&#8220;{}&#8220;][et_pb_column type=&#8220;2_3&#8243; _builder_version=&#8220;4.27.4&#8243; _module_preset=&#8220;default&#8220; global_colors_info=&#8220;{}&#8220;][et_pb_heading title=&#8220;Rechtsvorschlag beseitigen&#8220; _builder_version=&#8220;4.27.4&#8243; _module_preset=&#8220;default&#8220; global_colors_info=&#8220;{}&#8220;][\/et_pb_heading][\/et_pb_column][et_pb_column type=&#8220;1_3&#8243; _builder_version=&#8220;4.27.4&#8243; _module_preset=&#8220;default&#8220; global_colors_info=&#8220;{}&#8220;][\/et_pb_column][\/et_pb_row][\/et_pb_section][et_pb_section fb_built=&#8220;1&#8243; _builder_version=&#8220;4.27.4&#8243; _module_preset=&#8220;default&#8220; global_colors_info=&#8220;{}&#8220;][et_pb_row _builder_version=&#8220;4.27.4&#8243; _module_preset=&#8220;default&#8220; global_colors_info=&#8220;{}&#8220;][et_pb_column type=&#8220;4_4&#8243; _builder_version=&#8220;4.27.4&#8243; _module_preset=&#8220;default&#8220; global_colors_info=&#8220;{}&#8220;][et_pb_blurb title=&#8220;Schlichtungsgesuch&#8220; url=&#8220;@ET-DC@eyJkeW5hbWljIjp0cnVlLCJjb250ZW50IjoicG9zdF9saW5rX3VybF9wYWdlIiwic2V0dGluZ3MiOnsicG9zdF9pZCI6IjI5NjA4In19@&#8220; _builder_version=&#8220;4.27.4&#8243; _dynamic_attributes=&#8220;url,link_option_url&#8220; _module_preset=&#8220;402fb93b-c2a6-4b32-8001-a66dcefb70f9&#8243; custom_padding=&#8220;10px|10px|0px|10px|false|false&#8220; link_option_url=&#8220;@ET-DC@eyJkeW5hbWljIjp0cnVlLCJjb250ZW50IjoicG9zdF9saW5rX3VybF9wYWdlIiwic2V0dGluZ3MiOnsicG9zdF9pZCI6IjIifX0=@&#8220; global_colors_info=&#8220;{}&#8220;]<\/p>\n<p>Erhebt Ihr Schuldner Rechtsvorschlag, m\u00fcssen Sie diesen beseitigen, bevor Sie die Betreibung fortsetzen k\u00f6nnen. Der erste Schritt dazu ist beim zust\u00e4ndigen Friedensrichter ein Schlichtungsgesuch zu stellen.<\/p>\n<p>Hier erstellen Sie das Schlichtungsgesuch, welches mit der zust\u00e4ndigen Friedensrichteradresse unterschriftsfertig vorbereitet wird. Sie m\u00fcssen das Gesuch unterschreiben, die erforderlichen Unterlagen (Zahlungsbefehl, Vertrag, Rechnung, Lieferschein usw.) beilegen und per Post versenden.<br \/>An der Friedensrichterverhandlung haben Sie pers\u00f6nlich zu erscheinen.<\/p>\n<p>Preis: CHF 75.00<\/p>\n<p><span><a href=\"#\" class=\"pa-blurb-button\">Jetzt erstellen<\/a><\/span><\/p>\n<p>[\/et_pb_blurb][\/et_pb_column][\/et_pb_row][et_pb_row _builder_version=&#8220;4.27.4&#8243; _module_preset=&#8220;default&#8220; global_colors_info=&#8220;{}&#8220;][et_pb_column type=&#8220;4_4&#8243; _builder_version=&#8220;4.27.4&#8243; _module_preset=&#8220;default&#8220; global_colors_info=&#8220;{}&#8220;][et_pb_text _builder_version=&#8220;4.27.4&#8243; _module_preset=&#8220;default&#8220; custom_padding=&#8220;24px|24px||24px|false|false&#8220; global_colors_info=&#8220;{}&#8220;]<\/p>\n<p><span>Sie haben eine Betreibung eingeleitet und Ihr Schuldner hat Rechtsvorschlag erhoben.\u00a0<\/span><strong>Mit dem Rechtsvorschlag bestreitet der Schuldner die Forderung.<\/strong><span>\u00a0Wollen Sie die Betreibung fortsetzen, m\u00fcssen Sie den Rechtsvorschlag beseitigen. Somit kommen Sie nicht umhin, den Bestand Ihrer Forderung gerichtlich feststellen zu lassen. Die gerichtliche Anerkennung bildet die Voraussetzung, um die laufende Betreibung fortsetzen zu k\u00f6nnen.<\/span><\/p>\n<p>[\/et_pb_text][\/et_pb_column][\/et_pb_row][et_pb_row column_structure=&#8220;1_3,1_3,1_3&#8243; _builder_version=&#8220;4.27.4&#8243; _module_preset=&#8220;default&#8220; global_colors_info=&#8220;{}&#8220;][et_pb_column type=&#8220;1_3&#8243; _builder_version=&#8220;4.27.4&#8243; _module_preset=&#8220;default&#8220; global_colors_info=&#8220;{}&#8220;][et_pb_blurb image=&#8220;https:\/\/betreibung.operate.ch\/wp-content\/uploads\/2025\/02\/rechtsvorschlag_icon1.svg&#8220; _builder_version=&#8220;4.27.4&#8243; _module_preset=&#8220;default&#8220; max_width=&#8220;240px&#8220; custom_margin=&#8220;auto|auto|auto|auto|false|false&#8220; global_colors_info=&#8220;{}&#8220;]<\/p>\n<p style=\"text-align: center;\"><span>Sofort erstellen,<\/span><br \/><span>unterzeichnen, absenden.<\/span><\/p>\n<p>[\/et_pb_blurb][\/et_pb_column][et_pb_column type=&#8220;1_3&#8243; _builder_version=&#8220;4.27.4&#8243; _module_preset=&#8220;default&#8220; global_colors_info=&#8220;{}&#8220;][et_pb_blurb image=&#8220;https:\/\/betreibung.operate.ch\/wp-content\/uploads\/2025\/02\/Rechtsvorschlag_icon2.svg&#8220; _builder_version=&#8220;4.27.4&#8243; _module_preset=&#8220;default&#8220; max_width=&#8220;240px&#8220; custom_margin=&#8220;auto|auto|auto|auto|false|false&#8220; global_colors_info=&#8220;{}&#8220;]<\/p>\n<p style=\"text-align: center;\"><span>Gesuch in den <\/span><span>Sprachen<br \/><\/span><span>Deutsch, Franz\u00f6sisch und Italienisch<\/span><\/p>\n<p>[\/et_pb_blurb][\/et_pb_column][et_pb_column type=&#8220;1_3&#8243; _builder_version=&#8220;4.27.4&#8243; _module_preset=&#8220;default&#8220; global_colors_info=&#8220;{}&#8220;][et_pb_blurb image=&#8220;https:\/\/betreibung.operate.ch\/wp-content\/uploads\/2025\/02\/Rechtsvorschlag_icon3.svg&#8220; _builder_version=&#8220;4.27.4&#8243; _module_preset=&#8220;default&#8220; max_width=&#8220;240px&#8220; custom_margin=&#8220;auto|auto|auto|auto|false|false&#8220; global_colors_info=&#8220;{}&#8220;]<\/p>\n<p style=\"text-align: center;\"><span>Friedensrichteramt wird<\/span><br \/><span>automatisch ermittelt.<\/span><\/p>\n<p>[\/et_pb_blurb][\/et_pb_column][\/et_pb_row][\/et_pb_section][et_pb_section fb_built=&#8220;1&#8243; _builder_version=&#8220;4.27.4&#8243; _module_preset=&#8220;default&#8220; background_color=&#8220;gcid-ac889b0d-fcbc-4ac7-9cdd-6e2cc4de023e&#8220; custom_padding=&#8220;3px|||||&#8220; global_colors_info=&#8220;{%22gcid-ac889b0d-fcbc-4ac7-9cdd-6e2cc4de023e%22:%91%22background_color%22%93}&#8220; theme_builder_area=&#8220;post_content&#8220;][et_pb_row _builder_version=&#8220;4.27.4&#8243; _module_preset=&#8220;default&#8220; global_colors_info=&#8220;{}&#8220; theme_builder_area=&#8220;post_content&#8220;][et_pb_column type=&#8220;4_4&#8243; _builder_version=&#8220;4.27.4&#8243; _module_preset=&#8220;default&#8220; global_colors_info=&#8220;{}&#8220; theme_builder_area=&#8220;post_content&#8220;][et_pb_heading title=&#8220;Gut zu wissen vor der Betreibung&#8220; _builder_version=&#8220;4.27.4&#8243; _module_preset=&#8220;default&#8220; global_colors_info=&#8220;{}&#8220; theme_builder_area=&#8220;post_content&#8220;][\/et_pb_heading][\/et_pb_column][\/et_pb_row][et_pb_row _builder_version=&#8220;4.27.4&#8243; _module_preset=&#8220;default&#8220; custom_padding=&#8220;13px||||false|false&#8220; global_colors_info=&#8220;{}&#8220; theme_builder_area=&#8220;post_content&#8220;][et_pb_column type=&#8220;4_4&#8243; _builder_version=&#8220;4.27.4&#8243; _module_preset=&#8220;default&#8220; global_colors_info=&#8220;{}&#8220; theme_builder_area=&#8220;post_content&#8220;][et_pb_text _builder_version=&#8220;4.27.4&#8243; _module_preset=&#8220;default&#8220; global_colors_info=&#8220;{}&#8220; theme_builder_area=&#8220;post_content&#8220;]<\/p>\n<p>Sie m\u00fcssen die Betreibungsgeb\u00fchren im Voraus bezahlen und sp\u00e4ter vom Schuldner einfordern. Kl\u00e4ren Sie deshalb im Vorfeld ab, ob sich eine Betreibung lohnt. Pr\u00fcfen Sie:<\/p>\n<ul>\n<li><strong>Finanzielle Situation des Schuldners:<span>\u00a0<\/span><\/strong><a href=\"https:\/\/www.betreibungsschalter-plus.ch\/betreibungsauszug\/online-bestellen\/\" title=\"Estratto dell&#039;esecuzione forzata\">Estratto dell'esecuzione forzata<\/a>,<span>\u00a0<\/span><a href=\"https:\/\/www.betreibungsschalter-plus.ch\/mahnung\/bonitaetspruefung-online\/\" title=\"Bonit\u00e4tspr\u00fcfung\">Bonit\u00e4tsanalyse<\/a>,<span>\u00a0<\/span><a href=\"https:\/\/www.zefix.ch\/de\/search\/entity\/welcome\" title=\"Handelsregister\" target=\"_blank\" rel=\"noopener noreferrer\">Handelsregisterauszug<\/a>.<\/li>\n<li><strong>Beweismittel:<span>\u00a0<\/span><\/strong>Um eine Forderung einzuklagen, liegt die Beweislast beim Gl\u00e4ubiger. Als Beweismittel z\u00e4hlen Vertr\u00e4ge, Bestellungen, Lieferscheine, schriftliche Mitteilungen des Schuldners, Schuldanerkennung, usw.<\/li>\n<\/ul>\n<p>[\/et_pb_text][\/et_pb_column][\/et_pb_row][\/et_pb_section][et_pb_section fb_built=&#8220;1&#8243; _builder_version=&#8220;4.27.4&#8243; _module_preset=&#8220;default&#8220; global_colors_info=&#8220;{}&#8220;][et_pb_row _builder_version=&#8220;4.27.4&#8243; _module_preset=&#8220;default&#8220; global_colors_info=&#8220;{}&#8220;][et_pb_column type=&#8220;4_4&#8243; _builder_version=&#8220;4.27.4&#8243; _module_preset=&#8220;default&#8220; global_colors_info=&#8220;{}&#8220;][et_pb_code _builder_version=&#8220;4.27.4&#8243; _module_preset=&#8220;default&#8220; hover_enabled=&#8220;0&#8243; custom_css_free_form=&#8220;     .accordion {||            width: 100%;||            overflow: hidden;||        }||||        .accordion input {||            display: none;||        }||||        .accordion label {||            display: flex;||            justify-content: space-between;||            align-items: center;||            color: #A55050;||            padding: 12px;||        }||||        .accordion .content {||            max-height: 0;||            overflow: hidden;||            padding: 0 12px;||            color: #444444;||            transition: max-height 0.3s ease-in-out, padding 0.3s ease-in-out;||        }||||        .accordion input:checked + label + .content {||            max-height: 200px;||            padding: 12px;||        }||||        \/* Icon-Styling *\/||        .accordion label::after {||            content: %22+%22;||            font-size: 36px;||            transition: transform 0.3s ease;||        }||||        .accordion input:checked + label::after {||            content: %22\u2212%22;||            transform: rotate(180deg);||        }&#8220; global_colors_info=&#8220;{}&#8220; sticky_enabled=&#8220;0&#8243;]<\/p>\n<div class=\"accordion\"><!-- [et_pb_line_break_holder] -->    <input type=\"checkbox\" id=\"section1\"><!-- [et_pb_line_break_holder] -->    <label for=\"section1\"><!-- [et_pb_line_break_holder] -->      <\/p>\n<h2><!-- [et_pb_line_break_holder] -->        Was ist ein Rechtsvorschlag?<!-- [et_pb_line_break_holder] -->      <\/h2>\n<p><\/label><!-- [et_pb_line_break_holder] -->    <\/p>\n<div class=\"content\"><!-- [et_pb_line_break_holder] -->        <pee>Ist der Schuldner mit der betriebenen Forderung nicht einverstanden und kann er Rechtsvorschlag erheben, so hat er dies sofort dem \u00dcberbringer des Zahlungsbefehls oder innert 10 Tagen nach Zustellung des Zahlungsbefehles beim Betreibungsamt m\u00fcndlich oder schriftlich zu machen. Der Rechtsvorschlag bewirkt die Einstellung der Betreibung.<!-- [et_pb_line_break_holder] --><pee><!-- [et_pb_line_break_holder] -->  Der Schuldner kann auch nur einen Teil der Forderung bestreiten. Er muss den bestrittenen Betrag genau angeben andernfalls die ganze Forderung als bestritten gilt. F\u00fcr den unbestrittenen Betrag kann der Gl\u00e4ubiger die Fortsetzung der Betreibung verlangen.<!-- [et_pb_line_break_holder] -->      <\/pee><!-- [et_pb_line_break_holder] -->  <\/div>\n<p><!-- [et_pb_line_break_holder] -->    <input type=\"checkbox\" id=\"section2\"><!-- [et_pb_line_break_holder] -->    <label for=\"section2\"><\/p>\n<h2>Wie erf\u00e4hrt der Gl\u00e4ubiger vom Rechtsvorschlag?<!-- [et_pb_line_break_holder] -->      <!-- [et_pb_line_break_holder] -->      <\/h2>\n<p><\/label><!-- [et_pb_line_break_holder] -->    <\/p>\n<div class=\"content\"><!-- [et_pb_line_break_holder] -->        <pee>Nach Ablauf der zehnt\u00e4gigen Bestreitungsfrist erh\u00e4lt der Gl\u00e4ubiger vom Betreibungsamt ein Doppel des Zahlungsbefehls mit dem Vermerk \u201eRechtsvorschlag erhoben\u201c oder \u201eRechtsvorschlag nicht erhoben\u201c.<\/pee><!-- [et_pb_line_break_holder] -->    <\/div>\n<p><!-- [et_pb_line_break_holder] --><!-- [et_pb_line_break_holder] -->    <input type=\"checkbox\" id=\"section3\"><!-- [et_pb_line_break_holder] -->    <label for=\"section3\"><\/p>\n<h2><!-- [et_pb_line_break_holder] -->      R\u00fcckzug des Rechtsvorschlags<!-- [et_pb_line_break_holder] -->      <\/h2>\n<p><\/label><!-- [et_pb_line_break_holder] -->    <\/p>\n<div class=\"content\"><!-- [et_pb_line_break_holder] -->        <pee>Der Schuldner kann den Rechtsvorschlag jederzeit unwiderruflich zur\u00fcckziehen. Nach erfolgtem Rechtsvorschlag sollten Sie in jedem Fall dem Schuldner eine schriftliche Aufforderung zum R\u00fcckzug des Rechtsvorschlags zustellen. Zieht der Schuldner den Rechtsvorschlag freiwillig zur\u00fcck, bedeutet dies f\u00fcr beide Parteien weniger Aufwand.<\/pee><!-- [et_pb_line_break_holder] -->    <\/div>\n<p><!-- [et_pb_line_break_holder] --><\/div>\n<p>[\/et_pb_code][\/et_pb_column][\/et_pb_row][\/et_pb_section]<\/p>","protected":false},"excerpt":{"rendered":"<p>Erhebt Ihr Schuldner Rechtsvorschlag, m\u00fcssen Sie diesen beseitigen, bevor Sie die Betreibung fortsetzen k\u00f6nnen. Der erste Schritt dazu ist beim zust\u00e4ndigen Friedensrichter ein Schlichtungsgesuch zu stellen. Hier erstellen Sie das Schlichtungsgesuch, welches mit der zust\u00e4ndigen Friedensrichteradresse unterschriftsfertig vorbereitet wird. Sie m\u00fcssen das Gesuch unterschreiben, die erforderlichen Unterlagen (Zahlungsbefehl, Vertrag, Rechnung, Lieferschein usw.) beilegen und per [&hellip;]<\/p>","protected":false},"author":2,"featured_media":0,"parent":0,"menu_order":0,"comment_status":"closed","ping_status":"closed","template":"","meta":{"_et_pb_use_builder":"on","_et_pb_old_content":"","_et_gb_content_width":"","inline_featured_image":false,"footnotes":""},"class_list":["post-29881","page","type-page","status-publish","hentry"],"_links":{"self":[{"href":"https:\/\/bspluswp.operate.ch\/it\/wp-json\/wp\/v2\/pages\/29881","targetHints":{"allow":["GET"]}}],"collection":[{"href":"https:\/\/bspluswp.operate.ch\/it\/wp-json\/wp\/v2\/pages"}],"about":[{"href":"https:\/\/bspluswp.operate.ch\/it\/wp-json\/wp\/v2\/types\/page"}],"author":[{"embeddable":true,"href":"https:\/\/bspluswp.operate.ch\/it\/wp-json\/wp\/v2\/users\/2"}],"replies":[{"embeddable":true,"href":"https:\/\/bspluswp.operate.ch\/it\/wp-json\/wp\/v2\/comments?post=29881"}],"version-history":[{"count":6,"href":"https:\/\/bspluswp.operate.ch\/it\/wp-json\/wp\/v2\/pages\/29881\/revisions"}],"predecessor-version":[{"id":29893,"href":"https:\/\/bspluswp.operate.ch\/it\/wp-json\/wp\/v2\/pages\/29881\/revisions\/29893"}],"wp:attachment":[{"href":"https:\/\/bspluswp.operate.ch\/it\/wp-json\/wp\/v2\/media?parent=29881"}],"curies":[{"name":"wp","href":"https:\/\/api.w.org\/{rel}","templated":true}]}}