{"id":29823,"date":"2025-02-03T19:45:03","date_gmt":"2025-02-03T18:45:03","guid":{"rendered":"https:\/\/betreibung.operate.ch\/?page_id=29823"},"modified":"2025-02-03T19:49:11","modified_gmt":"2025-02-03T18:49:11","slug":"bonitatsprufung-online","status":"publish","type":"page","link":"https:\/\/bspluswp.operate.ch\/it\/bonitatsprufung-online\/","title":{"rendered":"Controllo del credito online"},"content":{"rendered":"<p>[et_pb_section fb_built=&#8220;1&#8243; _builder_version=&#8220;4.27.4&#8243; _module_preset=&#8220;default&#8220; global_colors_info=&#8220;{}&#8220;][et_pb_row column_structure=&#8220;2_3,1_3&#8243; _builder_version=&#8220;4.27.4&#8243; _module_preset=&#8220;default&#8220; global_colors_info=&#8220;{}&#8220;][et_pb_column type=&#8220;2_3&#8243; _builder_version=&#8220;4.27.4&#8243; _module_preset=&#8220;default&#8220; global_colors_info=&#8220;{}&#8220;][et_pb_heading title=&#8220;Bonit\u00e4tspr\u00fcfung online&#8220; _builder_version=&#8220;4.27.4&#8243; _module_preset=&#8220;default&#8220; hover_enabled=&#8220;0&#8243; global_colors_info=&#8220;{}&#8220; custom_padding=&#8220;||0px|||&#8220; sticky_enabled=&#8220;0&#8243;][\/et_pb_heading][\/et_pb_column][et_pb_column type=&#8220;1_3&#8243; _builder_version=&#8220;4.27.4&#8243; _module_preset=&#8220;default&#8220; global_colors_info=&#8220;{}&#8220;][\/et_pb_column][\/et_pb_row][\/et_pb_section][et_pb_section fb_built=&#8220;1&#8243; _builder_version=&#8220;4.27.4&#8243; _module_preset=&#8220;default&#8220; custom_padding=&#8220;3px|||||&#8220; global_colors_info=&#8220;{}&#8220;][et_pb_row column_structure=&#8220;1_3,1_3,1_3&#8243; use_custom_gutter=&#8220;on&#8220; gutter_width=&#8220;2&#8243; make_equal=&#8220;on&#8220; _builder_version=&#8220;4.27.4&#8243; _module_preset=&#8220;default&#8220; global_colors_info=&#8220;{}&#8220;][et_pb_column type=&#8220;1_3&#8243; _builder_version=&#8220;4.27.4&#8243; _module_preset=&#8220;default&#8220; global_colors_info=&#8220;{}&#8220;][et_pb_blurb title=&#8220;Ampelpr\u00fcfung&#8220; url=&#8220;@ET-DC@eyJkeW5hbWljIjp0cnVlLCJjb250ZW50IjoicG9zdF9saW5rX3VybF9wYWdlIiwic2V0dGluZ3MiOnsicG9zdF9pZCI6IjI5NjA4In19@&#8220; _builder_version=&#8220;4.27.4&#8243; _dynamic_attributes=&#8220;url,link_option_url&#8220; _module_preset=&#8220;402fb93b-c2a6-4b32-8001-a66dcefb70f9&#8243; height=&#8220;100%&#8220; custom_padding=&#8220;10px|10px|0px|10px|false|false&#8220; link_option_url=&#8220;@ET-DC@eyJkeW5hbWljIjp0cnVlLCJjb250ZW50IjoicG9zdF9saW5rX3VybF9wYWdlIiwic2V0dGluZ3MiOnsicG9zdF9pZCI6IjIifX0=@&#8220; hover_enabled=&#8220;0&#8243; global_colors_info=&#8220;{}&#8220; sticky_enabled=&#8220;0&#8243;]<\/p>\n<p>Sofortige Onlinepr\u00fcfung: Ampelanzeige inklusive Adresspr\u00fcfung<br \/>Sie brauchen:<span>\u00a0<\/span><strong>Prova di interesse<span>\u00a0<\/span><\/strong>wie Offerte, Bestellung, Rechnung<\/p>\n<p>Preis: CHF 10.00<\/p>\n<p><span><a href=\"#\" class=\"pa-blurb-button\">Ordina ora online<\/a><\/span><\/p>\n<p>[\/et_pb_blurb][\/et_pb_column][et_pb_column type=&#8220;1_3&#8243; _builder_version=&#8220;4.27.4&#8243; _module_preset=&#8220;default&#8220; global_colors_info=&#8220;{}&#8220;][et_pb_blurb title=&#8220;Quick Check&#8220; url=&#8220;@ET-DC@eyJkeW5hbWljIjp0cnVlLCJjb250ZW50IjoicG9zdF9saW5rX3VybF9wYWdlIiwic2V0dGluZ3MiOnsicG9zdF9pZCI6IjI5NjA4In19@&#8220; _builder_version=&#8220;4.27.4&#8243; _dynamic_attributes=&#8220;url,link_option_url&#8220; _module_preset=&#8220;402fb93b-c2a6-4b32-8001-a66dcefb70f9&#8243; height=&#8220;100%&#8220; custom_padding=&#8220;10px|12px|0px|12px|false|false&#8220; link_option_url=&#8220;@ET-DC@eyJkeW5hbWljIjp0cnVlLCJjb250ZW50IjoicG9zdF9saW5rX3VybF9wYWdlIiwic2V0dGluZ3MiOnsicG9zdF9pZCI6IjIifX0=@&#8220; hover_enabled=&#8220;0&#8243; global_colors_info=&#8220;{}&#8220; sticky_enabled=&#8220;0&#8243;]<\/p>\n<p>Sofortige Onlinepr\u00fcfung: PDF-Bonit\u00e4tsbericht mit detailliertem Scoring zur Ampelanzeige.<br \/>Sie brauchen:<span>\u00a0<\/span><strong>Prova di interesse<span>\u00a0<\/span><\/strong>wie Offerte, Bestellung, Rechnung<\/p>\n<p>Preis: CHF 24.00<\/p>\n<p><span><a href=\"#\" class=\"pa-blurb-button\">Ordina ora online<\/a><\/span><\/p>\n<p>[\/et_pb_blurb][\/et_pb_column][et_pb_column type=&#8220;1_3&#8243; _builder_version=&#8220;4.27.4&#8243; _module_preset=&#8220;default&#8220; global_colors_info=&#8220;{}&#8220;][et_pb_blurb title=&#8220;Adressauskunft Plus&#8220; url=&#8220;@ET-DC@eyJkeW5hbWljIjp0cnVlLCJjb250ZW50IjoicG9zdF9saW5rX3VybF9wYWdlIiwic2V0dGluZ3MiOnsicG9zdF9pZCI6IjI5NjA4In19@&#8220; _builder_version=&#8220;4.27.4&#8243; _dynamic_attributes=&#8220;url,link_option_url&#8220; _module_preset=&#8220;402fb93b-c2a6-4b32-8001-a66dcefb70f9&#8243; height=&#8220;100%&#8220; custom_padding=&#8220;10px|12px|0px|12px|false|false&#8220; link_option_url=&#8220;@ET-DC@eyJkeW5hbWljIjp0cnVlLCJjb250ZW50IjoicG9zdF9saW5rX3VybF9wYWdlIiwic2V0dGluZ3MiOnsicG9zdF9pZCI6IjIifX0=@&#8220; hover_enabled=&#8220;0&#8243; global_colors_info=&#8220;{}&#8220; sticky_enabled=&#8220;0&#8243;]<\/p>\n<p>Amtliche Adressauskunft online der Einwohnerkontrolle mit aktuellem Wohnsitz und Zustellbarkeitsbeurteilung (CRIF)<\/p>\n<p>Sie brauchen:<span>\u00a0<\/span><strong>Prova di interesse<span>\u00a0<\/span><\/strong>wie Offerte, Bestellung, Rechnung<\/p>\n<p>Preis: CHF 29.00<\/p>\n<p><span><a href=\"#\" class=\"pa-blurb-button\">Ordina ora online<\/a><\/span><\/p>\n<p>[\/et_pb_blurb][\/et_pb_column][\/et_pb_row][et_pb_row column_structure=&#8220;1_3,1_3,1_3&#8243; _builder_version=&#8220;4.27.4&#8243; _module_preset=&#8220;default&#8220; global_colors_info=&#8220;{}&#8220;][et_pb_column type=&#8220;1_3&#8243; _builder_version=&#8220;4.27.4&#8243; _module_preset=&#8220;default&#8220; global_colors_info=&#8220;{}&#8220;][et_pb_blurb image=&#8220;https:\/\/betreibung.operate.ch\/wp-content\/uploads\/2025\/02\/Bonitaetspr_icon1.svg&#8220; _builder_version=&#8220;4.27.4&#8243; _module_preset=&#8220;default&#8220; max_width=&#8220;240px&#8220; custom_margin=&#8220;auto|auto|auto|auto|false|false&#8220; hover_enabled=&#8220;0&#8243; global_colors_info=&#8220;{}&#8220; title_text=&#8220;Bonitaetspr_icon1&#8243; sticky_enabled=&#8220;0&#8243;]<\/p>\n<ul>\n<li>Auskunft sofort zu Bonit\u00e4t und Zahlungsf\u00e4higkeit<\/li>\n<li>Kosteng\u00fcnstige Erstpr\u00fcfung<\/li>\n<li>Basis f\u00fcr Entscheidung<\/li>\n<\/ul>\n<p>[\/et_pb_blurb][\/et_pb_column][et_pb_column type=&#8220;1_3&#8243; _builder_version=&#8220;4.27.4&#8243; _module_preset=&#8220;default&#8220; global_colors_info=&#8220;{}&#8220;][et_pb_blurb image=&#8220;https:\/\/betreibung.operate.ch\/wp-content\/uploads\/2025\/02\/Bonitaetspr_icon2.svg&#8220; _builder_version=&#8220;4.27.4&#8243; _module_preset=&#8220;default&#8220; max_width=&#8220;240px&#8220; custom_margin=&#8220;auto|auto|auto|auto|false|false&#8220; hover_enabled=&#8220;0&#8243; global_colors_info=&#8220;{}&#8220; title_text=&#8220;Bonitaetspr_icon2&#8243; sticky_enabled=&#8220;0&#8243;]<\/p>\n<ul>\n<li>Auskunft sofort zu Kreditw\u00fcrdigkeit<\/li>\n<li>Vertiefte Pr\u00fcfung<\/li>\n<li>Ausf\u00fchrliche Entscheidungsgrundlage<\/li>\n<\/ul>\n<p>[\/et_pb_blurb][\/et_pb_column][et_pb_column type=&#8220;1_3&#8243; _builder_version=&#8220;4.27.4&#8243; _module_preset=&#8220;default&#8220; global_colors_info=&#8220;{}&#8220;][et_pb_blurb image=&#8220;https:\/\/betreibung.operate.ch\/wp-content\/uploads\/2025\/02\/adressauskunft-produkt.svg&#8220; _builder_version=&#8220;4.27.4&#8243; _module_preset=&#8220;default&#8220; max_width=&#8220;240px&#8220; custom_margin=&#8220;auto|auto|auto|auto|false|false&#8220; hover_enabled=&#8220;0&#8243; global_colors_info=&#8220;{}&#8220; title_text=&#8220;adressauskunft-produkt&#8220; sticky_enabled=&#8220;0&#8243;]<\/p>\n<ul>\n<li>Korrekte Adresse Privatperson<\/li>\n<li>Auskunft elektronisch<\/li>\n<li>Mit fr\u00fcheren Wohnsitzen<\/li>\n<\/ul>\n<p>[\/et_pb_blurb][\/et_pb_column][\/et_pb_row][\/et_pb_section][et_pb_section fb_built=&#8220;1&#8243; _builder_version=&#8220;4.27.4&#8243; _module_preset=&#8220;default&#8220; custom_padding=&#8220;3px|||||&#8220; global_colors_info=&#8220;{}&#8220;][et_pb_row _builder_version=&#8220;4.27.4&#8243; _module_preset=&#8220;default&#8220; global_colors_info=&#8220;{}&#8220;][et_pb_column type=&#8220;4_4&#8243; _builder_version=&#8220;4.27.4&#8243; _module_preset=&#8220;default&#8220; global_colors_info=&#8220;{}&#8220;][et_pb_code _builder_version=&#8220;4.27.4&#8243; _module_preset=&#8220;default&#8220; hover_enabled=&#8220;0&#8243; custom_css_free_form=&#8220;     .accordion {||            width: 100%;||            overflow: hidden;||        }||||        .accordion input {||            display: none;||        }||||        .accordion label {||            display: flex;||            justify-content: space-between;||            align-items: center;||            color: #A55050;||            padding: 12px;||        }||||        .accordion .content {||            max-height: 0;||            overflow: hidden;||            padding: 0 12px;||            color: #444444;||            transition: max-height 0.3s ease-in-out, padding 0.3s ease-in-out;||        }||||        .accordion input:checked + label + .content {||            max-height: 400px;||            padding: 12px;||        }||||        \/* Icon-Styling *\/||        .accordion label::after {||            content: %22+%22;||            font-size: 36px;||            transition: transform 0.3s ease;||        }||||        .accordion input:checked + label::after {||            content: %22\u2212%22;||            transform: rotate(180deg);||        }&#8220; global_colors_info=&#8220;{}&#8220; sticky_enabled=&#8220;0&#8243;]<\/p>\n<div class=\"accordion\"><!-- [et_pb_line_break_holder] -->  <input type=\"checkbox\" id=\"section1\"><!-- [et_pb_line_break_holder] -->  <label for=\"section1\"><!-- [et_pb_line_break_holder] -->    <\/p>\n<h2><!-- [et_pb_line_break_holder] -->      Kann Ihr Kunde zahlen?<!-- [et_pb_line_break_holder] -->    <\/h2>\n<p><!-- [et_pb_line_break_holder] -->  <\/label><!-- [et_pb_line_break_holder] -->  <\/p>\n<div class=\"content\"><!-- [et_pb_line_break_holder] -->    <pee><!-- [et_pb_line_break_holder] -->      <strong>Verhindern Sie Ausf\u00e4lle bereits in der Entstehung!<\/strong><!-- [et_pb_line_break_holder] --><!-- [et_pb_line_break_holder] -->Jeder neue Kunde ist auch ein neues Risiko. Pr\u00fcfen Sie deshalb die Bonit\u00e4t von Firmen und Privatpersonen. Die Erfahrung zeigt, dass die Ausfallquote um \u00fcber 90 Prozent sinkt, wenn vor der Lieferung auf Kredit eine Bonit\u00e4tsauskunft eingeholt wird.<\/pee><!-- [et_pb_line_break_holder] -->  <\/div>\n<p><!-- [et_pb_line_break_holder] --><!-- [et_pb_line_break_holder] --><!-- [et_pb_line_break_holder] -->  <input type=\"checkbox\" id=\"section2\"><!-- [et_pb_line_break_holder] -->  <label for=\"section2\"><!-- [et_pb_line_break_holder] -->    <\/p>\n<h2><!-- [et_pb_line_break_holder] -->      Lohnt sich die Betreibung?<!-- [et_pb_line_break_holder] -->    <\/h2>\n<p><!-- [et_pb_line_break_holder] -->  <\/label><!-- [et_pb_line_break_holder] -->  <\/p>\n<div class=\"content\"><!-- [et_pb_line_break_holder] -->    <pee><!-- [et_pb_line_break_holder] -->      Im Betreibungsfall m\u00fcssen Sie als Gl\u00e4ubiger die Geb\u00fchren im Voraus bezahlen. Pr\u00fcfen Sie deshalb, ob Ihr Schuldner zahlungsf\u00e4hig ist und ob Sie die juristisch korrekte Adresse kennen. Bei Unternehmen holen Sie zus\u00e4tzlich zur Bonit\u00e4tspr\u00fcfung auch einen Handelsregisterauszug oder weitere Informationen (Schweizerisches Handelsamtsblatt) ein. Somit wissen Sie Bescheid \u00fcber den Hauptsitz und Filialen des Unternehmens, Kapital- und Besitzverh\u00e4ltnisse, Organe und Zeichnungsberechtigungen usw. Diese Informationen sind je nach Sachverhalt wichtig, um das Risiko bei der Lieferung auf Rechnung einzusch\u00e4tzen.<!-- [et_pb_line_break_holder] -->    <\/pee><!-- [et_pb_line_break_holder] -->  <\/div>\n<p><!-- [et_pb_line_break_holder] --><\/div>\n<p>[\/et_pb_code][\/et_pb_column][\/et_pb_row][\/et_pb_section]<\/p>","protected":false},"excerpt":{"rendered":"<p>Sofortige Onlinepr\u00fcfung: Ampelanzeige inklusive Adresspr\u00fcfungSie brauchen:\u00a0Interessennachweis\u00a0wie Offerte, Bestellung, Rechnung Preis: CHF 10.00 Jetzt online bestellenSofortige Onlinepr\u00fcfung: PDF-Bonit\u00e4tsbericht mit detailliertem Scoring zur Ampelanzeige.Sie brauchen:\u00a0Interessennachweis\u00a0wie Offerte, Bestellung, Rechnung Preis: CHF 24.00 Jetzt online bestellenAmtliche Adressauskunft online der Einwohnerkontrolle mit aktuellem Wohnsitz und Zustellbarkeitsbeurteilung (CRIF) Sie brauchen:\u00a0Interessennachweis\u00a0wie Offerte, Bestellung, Rechnung Preis: CHF 29.00 Jetzt online bestellen Auskunft sofort [&hellip;]<\/p>","protected":false},"author":2,"featured_media":0,"parent":0,"menu_order":0,"comment_status":"closed","ping_status":"closed","template":"","meta":{"_et_pb_use_builder":"on","_et_pb_old_content":"","_et_gb_content_width":"","inline_featured_image":false,"footnotes":""},"class_list":["post-29823","page","type-page","status-publish","hentry"],"_links":{"self":[{"href":"https:\/\/bspluswp.operate.ch\/it\/wp-json\/wp\/v2\/pages\/29823","targetHints":{"allow":["GET"]}}],"collection":[{"href":"https:\/\/bspluswp.operate.ch\/it\/wp-json\/wp\/v2\/pages"}],"about":[{"href":"https:\/\/bspluswp.operate.ch\/it\/wp-json\/wp\/v2\/types\/page"}],"author":[{"embeddable":true,"href":"https:\/\/bspluswp.operate.ch\/it\/wp-json\/wp\/v2\/users\/2"}],"replies":[{"embeddable":true,"href":"https:\/\/bspluswp.operate.ch\/it\/wp-json\/wp\/v2\/comments?post=29823"}],"version-history":[{"count":5,"href":"https:\/\/bspluswp.operate.ch\/it\/wp-json\/wp\/v2\/pages\/29823\/revisions"}],"predecessor-version":[{"id":29832,"href":"https:\/\/bspluswp.operate.ch\/it\/wp-json\/wp\/v2\/pages\/29823\/revisions\/29832"}],"wp:attachment":[{"href":"https:\/\/bspluswp.operate.ch\/it\/wp-json\/wp\/v2\/media?parent=29823"}],"curies":[{"name":"wp","href":"https:\/\/api.w.org\/{rel}","templated":true}]}}