{"id":29636,"date":"2025-01-28T10:39:16","date_gmt":"2025-01-28T09:39:16","guid":{"rendered":"https:\/\/betreibung.operate.ch\/?page_id=29636"},"modified":"2025-02-04T16:18:50","modified_gmt":"2025-02-04T15:18:50","slug":"abzahlungsvereinbarung","status":"publish","type":"page","link":"https:\/\/bspluswp.operate.ch\/it\/abzahlungsvereinbarung\/","title":{"rendered":"Accordo di rateizzazione"},"content":{"rendered":"<p>[et_pb_section fb_built=&#8220;1&#8243; _builder_version=&#8220;4.27.4&#8243; _module_preset=&#8220;default&#8220; global_colors_info=&#8220;{}&#8220;][et_pb_row column_structure=&#8220;2_3,1_3&#8243; _builder_version=&#8220;4.27.4&#8243; _module_preset=&#8220;default&#8220; global_colors_info=&#8220;{}&#8220;][et_pb_column type=&#8220;2_3&#8243; _builder_version=&#8220;4.27.4&#8243; _module_preset=&#8220;default&#8220; global_colors_info=&#8220;{}&#8220;][et_pb_heading title=&#8220;Abzahlungsvereinbarung mit dem Kunden&#8220; _builder_version=&#8220;4.27.4&#8243; _module_preset=&#8220;default&#8220; global_colors_info=&#8220;{}&#8220;][\/et_pb_heading][\/et_pb_column][et_pb_column type=&#8220;1_3&#8243; _builder_version=&#8220;4.27.4&#8243; _module_preset=&#8220;default&#8220; global_colors_info=&#8220;{}&#8220;][et_pb_code _builder_version=&#8220;4.27.4&#8243; _module_preset=&#8220;default&#8220; global_colors_info=&#8220;{}&#8220;] <\/p>\n<div class=\"framestopper\"><!-- [et_pb_line_break_holder] -->    <\/p>\n<div><!-- [et_pb_line_break_holder] -->        <\/p>\n<div class=\"icon\"><\/div>\n<p><!-- [et_pb_line_break_holder] -->        <\/p>\n<div class=\"txt\"><!-- [et_pb_line_break_holder] -->            <pee>SOLO CHF<!\u2013- [et_pb_br_holder] -\u2013> <strong>35.-<\/strong><\/pee><!-- [et_pb_line_break_holder] -->        <\/div>\n<p><!-- [et_pb_line_break_holder] -->    <\/div>\n<p><!-- [et_pb_line_break_holder] --><\/div>\n<p><!-- [et_pb_line_break_holder] --><!-- [et_pb_line_break_holder] --><\/p>\n<style><!-- [et_pb_line_break_holder] -->.framestopper {<!-- [et_pb_line_break_holder] -->    z-index: 1;<!-- [et_pb_line_break_holder] -->    width: 150px;<!-- [et_pb_line_break_holder] -->    height: 150px;<!-- [et_pb_line_break_holder] -->}.icon {<!-- [et_pb_line_break_holder] -->    width: 150px;<!-- [et_pb_line_break_holder] -->    height: 150px;<!-- [et_pb_line_break_holder] -->    background: url('https:\/\/betreibung.operate.ch\/wp-content\/uploads\/2025\/01\/stopper.svg') no-repeat center;<!-- [et_pb_line_break_holder] -->    background-size: contain;<!-- [et_pb_line_break_holder] -->    animation: rotate 20s linear infinite;<!-- [et_pb_line_break_holder] -->}.txt {<!-- [et_pb_line_break_holder] -->    color: #fff;<!-- [et_pb_line_break_holder] -->  \tfont-size:1.5em;<!-- [et_pb_line_break_holder] -->    text-align: center;<!-- [et_pb_line_break_holder] -->    transform: translateY(-200%) rotate(-15deg);*\/<!-- [et_pb_line_break_holder] -->}<!-- [et_pb_line_break_holder] --><\/style>\n<p><!-- [et_pb_line_break_holder] --><!-- [et_pb_line_break_holder] --><\/p>\n<style><!-- [et_pb_line_break_holder] -->    @keyframes rotate {<!-- [et_pb_line_break_holder] -->      0% {<!-- [et_pb_line_break_holder] -->        transform: rotate(0deg);<!-- [et_pb_line_break_holder] -->      }<!-- [et_pb_line_break_holder] -->      100% {<!-- [et_pb_line_break_holder] -->        transform: rotate(360deg);<!-- [et_pb_line_break_holder] -->      }<!-- [et_pb_line_break_holder] -->    }<!-- [et_pb_line_break_holder] -->  <\/style>\n<p>[\/et_pb_code][\/et_pb_column][\/et_pb_row][\/et_pb_section][et_pb_section fb_built=&#8220;1&#8243; _builder_version=&#8220;4.27.4&#8243; _module_preset=&#8220;default&#8220; global_colors_info=&#8220;{}&#8220;][et_pb_row column_structure=&#8220;1_2,1_2&#8243; _builder_version=&#8220;4.27.4&#8243; _module_preset=&#8220;default&#8220; filter_brightness=&#8220;98%&#8220; global_colors_info=&#8220;{}&#8220; filter_hue_rotate__hover_enabled=&#8220;on|hover&#8220;][et_pb_column type=&#8220;1_2&#8243; _builder_version=&#8220;4.27.4&#8243; _module_preset=&#8220;default&#8220; global_colors_info=&#8220;{}&#8220;][et_pb_blurb title=&#8220;Abzahlungsvereinbarung&#8220; url=&#8220;@ET-DC@eyJkeW5hbWljIjp0cnVlLCJjb250ZW50IjoicG9zdF9saW5rX3VybF9wYWdlIiwic2V0dGluZ3MiOnsicG9zdF9pZCI6IjI5NjA4In19@&#8220; _builder_version=&#8220;4.27.4&#8243; _dynamic_attributes=&#8220;url,link_option_url&#8220; _module_preset=&#8220;402fb93b-c2a6-4b32-8001-a66dcefb70f9&#8243; custom_padding=&#8220;10px|10px|0px|10px|false|false&#8220; link_option_url=&#8220;@ET-DC@eyJkeW5hbWljIjp0cnVlLCJjb250ZW50IjoicG9zdF9saW5rX3VybF9wYWdlIiwic2V0dGluZ3MiOnsicG9zdF9pZCI6IjIifX0=@&#8220; border_color_all=&#8220;gcid-ac889b0d-fcbc-4ac7-9cdd-6e2cc4de023e&#8220; global_colors_info=&#8220;{%22gcid-1d37380f-b6ba-48ec-8481-021600eae37d%22:%91%22icon_color%22,%22icon_color%22%93,%22gcid-ac889b0d-fcbc-4ac7-9cdd-6e2cc4de023e%22:%91%22border_color_all%22%93}&#8220; filter_hue_rotate__hover_enabled=&#8220;on|hover&#8220; filter_hue_rotate__hover=&#8220;0deg&#8220; hover_enabled=&#8220;0&#8243; sticky_enabled=&#8220;0&#8243;]<\/p>\n<p><span>Accordo di rimborso legalmente verificato con riconoscimento del debito, per numero di rate o importo.<\/span><br \/><span>Con il monitoraggio delle scadenze, l'opzione di sollecito e la registrazione dei pagamenti.<\/span><\/p>\n<p data-ninja-font=\"sourcesanspro_regular_normal_u291c\" class=\"\">Prezzo: CHF 35.00<\/p>\n<p><span><a href=\"#\" class=\"pa-blurb-button\">Ordina ora<\/a><\/span><\/p>\n<p>[\/et_pb_blurb][\/et_pb_column][et_pb_column type=&#8220;1_2&#8243; _builder_version=&#8220;4.27.4&#8243; _module_preset=&#8220;default&#8220; global_colors_info=&#8220;{}&#8220;][et_pb_text _builder_version=&#8220;4.27.4&#8243; _module_preset=&#8220;default&#8220; custom_padding=&#8220;24px|24px||24px|false|false&#8220; hover_enabled=&#8220;0&#8243; global_colors_info=&#8220;{}&#8220; sticky_enabled=&#8220;0&#8243;]<\/p>\n<p><span>Un colloquio personale con il cliente ha gi\u00e0 risolto molti problemi.\u00a0<\/span><strong>Un accordo di rateizzazione \u00e8 una valida alternativa al recupero crediti<\/strong><span>. Con la soluzione di Betreibungsschalter-Plus, non solo ricevete un modello legalmente corretto, ma il sistema monitora anche le scadenze delle singole rate e vi ricorda quando sono necessari ulteriori passaggi.<\/span><\/p>\n<p>[\/et_pb_text][\/et_pb_column][\/et_pb_row][et_pb_row column_structure=&#8220;1_3,1_3,1_3&#8243; _builder_version=&#8220;4.27.4&#8243; _module_preset=&#8220;default&#8220; global_colors_info=&#8220;{}&#8220;][et_pb_column type=&#8220;1_3&#8243; _builder_version=&#8220;4.27.4&#8243; _module_preset=&#8220;default&#8220; global_colors_info=&#8220;{}&#8220;][et_pb_blurb image=&#8220;https:\/\/betreibung.operate.ch\/wp-content\/uploads\/2025\/01\/abzahlungsvereinb_icon1.svg&#8220; _builder_version=&#8220;4.27.4&#8243; _module_preset=&#8220;default&#8220; max_width=&#8220;240px&#8220; custom_margin=&#8220;auto|auto|auto|auto|false|false&#8220; global_colors_info=&#8220;{}&#8220;]<\/p>\n<p style=\"text-align: center;\"><span><strong>Legalmente corretto<\/strong> <\/span><span>foglio di stile.<\/span><\/p>\n<p>[\/et_pb_blurb][\/et_pb_column][et_pb_column type=&#8220;1_3&#8243; _builder_version=&#8220;4.27.4&#8243; _module_preset=&#8220;default&#8220; global_colors_info=&#8220;{}&#8220;][et_pb_blurb image=&#8220;https:\/\/betreibung.operate.ch\/wp-content\/uploads\/2025\/01\/abzahlungsvereinb_icon2.svg&#8220; _builder_version=&#8220;4.27.4&#8243; _module_preset=&#8220;default&#8220; max_width=&#8220;240px&#8220; custom_margin=&#8220;auto|auto|auto|auto|false|false&#8220; global_colors_info=&#8220;{}&#8220;]<\/p>\n<p style=\"text-align: center;\">Sistema <strong>Monitoraggio delle scadenze<\/strong>\u00a0e le azioni in corso.<\/p>\n<p>[\/et_pb_blurb][\/et_pb_column][et_pb_column type=&#8220;1_3&#8243; _builder_version=&#8220;4.27.4&#8243; _module_preset=&#8220;default&#8220; global_colors_info=&#8220;{}&#8220;][et_pb_blurb image=&#8220;https:\/\/betreibung.operate.ch\/wp-content\/uploads\/2025\/01\/abzahlungsvereinb_icon3.svg&#8220; _builder_version=&#8220;4.27.4&#8243; _module_preset=&#8220;default&#8220; max_width=&#8220;240px&#8220; custom_margin=&#8220;auto|auto|auto|auto|false|false&#8220; global_colors_info=&#8220;{}&#8220;]<\/p>\n<p style=\"text-align: center;\"><span>L'accordo serve <\/span><span>come <strong>Riconoscimento del debito<\/strong>.<\/span><\/p>\n<p>[\/et_pb_blurb][\/et_pb_column][\/et_pb_row][et_pb_row _builder_version=&#8220;4.27.4&#8243; _module_preset=&#8220;default&#8220; global_colors_info=&#8220;{}&#8220;][et_pb_column type=&#8220;4_4&#8243; _builder_version=&#8220;4.27.4&#8243; _module_preset=&#8220;default&#8220; global_colors_info=&#8220;{}&#8220;][et_pb_code _builder_version=&#8220;4.27.4&#8243; _module_preset=&#8220;default&#8220; custom_css_free_form=&#8220;     .accordion {||            width: 100%;||            overflow: hidden;||        }||||        .accordion input {||            display: none;||        }||||        .accordion label {||            display: flex;||            justify-content: space-between;||            align-items: center;||            color: #A55050;||            padding: 12px;||        }||||        .accordion .content {||            max-height: 0;||            overflow: hidden;||            padding: 0 12px;||            color: #444444;||            transition: max-height 0.3s ease-in-out, padding 0.3s ease-in-out;||        }||||        .accordion input:checked + label + .content {||            max-height: 200px;||            padding: 12px;||        }||||        \/* Icon-Styling *\/||        .accordion label::after {||            content: %22+%22;||            font-size: 36px;||            transition: transform 0.3s ease;||        }||||        .accordion input:checked + label::after {||            content: %22\u2212%22;||            transform: rotate(180deg);||        }&#8220; global_colors_info=&#8220;{}&#8220;]<\/p>\n<div class=\"accordion\"><!-- [et_pb_line_break_holder] -->    <input type=\"checkbox\" id=\"section1\"><!-- [et_pb_line_break_holder] -->    <label for=\"section1\"><!-- [et_pb_line_break_holder] -->      <\/p>\n<h2><!-- [et_pb_line_break_holder] -->        Che cos'\u00e8 un accordo di rateizzazione?<!-- [et_pb_line_break_holder] -->      <\/h2>\n<p><\/label><!-- [et_pb_line_break_holder] -->    <\/p>\n<div class=\"content\"><!-- [et_pb_line_break_holder] -->        <pee>Un accordo di rateizzazione \u00e8 un contratto in cui il debitore si impegna nei confronti del creditore a trasferire ogni mese una determinata rata. Le rate sono solitamente stabilite in proporzione all'importo del debito. Importante: il documento deve essere firmato dal debitore.<\/pee><!-- [et_pb_line_break_holder] -->    <\/div>\n<p><!-- [et_pb_line_break_holder] --><!-- [et_pb_line_break_holder] -->    <input type=\"checkbox\" id=\"section2\"><!-- [et_pb_line_break_holder] -->    <label for=\"section2\"><\/p>\n<h2>Vantaggi di un accordo<!-- [et_pb_line_break_holder] -->      <!-- [et_pb_line_break_holder] -->      <\/h2>\n<p><\/label><!-- [et_pb_line_break_holder] -->    <\/p>\n<div class=\"content\"><!-- [et_pb_line_break_holder] -->        <pee><strong>Soluzione amichevole prima di quella legale<\/strong><!\u2013- [et_pb_br_holder] -\u2013><!-- [et_pb_line_break_holder] -->I problemi di liquidit\u00e0 sono spesso il motivo per cui un debitore non salda un debito insoluto. Cercate il dialogo con il cliente e cercate di trovare una soluzione soddisfacente per entrambe le parti. Di norma, una soluzione amichevole \u00e8 sempre preferibile a una soluzione legale.<\/pee><!-- [et_pb_line_break_holder] --><!-- [et_pb_line_break_holder] -->         <pee> <strong>Riconoscimento del debito<\/strong><!\u2013- [et_pb_br_holder] -\u2013><!-- [et_pb_line_break_holder] -->Un accordo scritto \u00e8 considerato un chiaro riconoscimento del debito e offre quindi maggiore certezza giuridica. Infatti, in caso di esecuzione forzata, il riconoscimento del debito funge da titolo legale.<\/pee><!-- [et_pb_line_break_holder] -->    <\/div>\n<p><!-- [et_pb_line_break_holder] --><!--<!-- [et_pb_line_break_holder] -->    <input type=\"checkbox\" id=\"section3\"><!-- [et_pb_line_break_holder] -->    <label for=\"section3\">Accordion 3<\/label><!-- [et_pb_line_break_holder] -->    <\/p>\n<div class=\"content\"><!-- [et_pb_line_break_holder] -->        <pee>Hier steht der Inhalt f\u00fcr den dritten Abschnitt.<\/pee><!-- [et_pb_line_break_holder] -->    <\/div>\n<p>&#8211;><!-- [et_pb_line_break_holder] --><\/div>\n<p>[\/et_pb_code][\/et_pb_column][\/et_pb_row][\/et_pb_section]<\/p>","protected":false},"excerpt":{"rendered":"<p>Rechtlich gepr\u00fcfte Abzahlungsvereinbarung mit Schuldanerkennung, nach Anzahl Raten oder Betrag.Mit F\u00e4lligkeits\u00fcberwachung, Mahnm\u00f6glichkeit und Zahlungsverbuchung. Preis: CHF 35.00 Jetzt bestellenEin pers\u00f6nliches Gespr\u00e4ch mit dem Kunden hat schon manches Problem gel\u00f6st.\u00a0Eine Abzahlungsvereinbarung ist eine sinnvolle Alternative zur Betreibung. Mit der L\u00f6sung von Betreibungsschalter-Plus erhalten Sie nicht nur eine rechtlich korrekte Vorlage, sondern das System \u00fcberwacht die F\u00e4lligkeiten [&hellip;]<\/p>","protected":false},"author":2,"featured_media":0,"parent":0,"menu_order":0,"comment_status":"closed","ping_status":"closed","template":"","meta":{"_et_pb_use_builder":"on","_et_pb_old_content":"","_et_gb_content_width":"","inline_featured_image":false,"footnotes":""},"class_list":["post-29636","page","type-page","status-publish","hentry"],"_links":{"self":[{"href":"https:\/\/bspluswp.operate.ch\/it\/wp-json\/wp\/v2\/pages\/29636","targetHints":{"allow":["GET"]}}],"collection":[{"href":"https:\/\/bspluswp.operate.ch\/it\/wp-json\/wp\/v2\/pages"}],"about":[{"href":"https:\/\/bspluswp.operate.ch\/it\/wp-json\/wp\/v2\/types\/page"}],"author":[{"embeddable":true,"href":"https:\/\/bspluswp.operate.ch\/it\/wp-json\/wp\/v2\/users\/2"}],"replies":[{"embeddable":true,"href":"https:\/\/bspluswp.operate.ch\/it\/wp-json\/wp\/v2\/comments?post=29636"}],"version-history":[{"count":47,"href":"https:\/\/bspluswp.operate.ch\/it\/wp-json\/wp\/v2\/pages\/29636\/revisions"}],"predecessor-version":[{"id":29989,"href":"https:\/\/bspluswp.operate.ch\/it\/wp-json\/wp\/v2\/pages\/29636\/revisions\/29989"}],"wp:attachment":[{"href":"https:\/\/bspluswp.operate.ch\/it\/wp-json\/wp\/v2\/media?parent=29636"}],"curies":[{"name":"wp","href":"https:\/\/api.w.org\/{rel}","templated":true}]}}