{"id":29849,"date":"2025-02-03T22:05:20","date_gmt":"2025-02-03T21:05:20","guid":{"rendered":"https:\/\/betreibung.operate.ch\/?page_id=29849"},"modified":"2025-10-08T11:12:53","modified_gmt":"2025-10-08T10:12:53","slug":"angebot-fur-firmen","status":"publish","type":"page","link":"https:\/\/bspluswp.operate.ch\/en\/angebot-fur-firmen\/","title":{"rendered":"Offer for companies"},"content":{"rendered":"<p>[et_pb_section fb_built=&#8220;1&#8243; _builder_version=&#8220;4.27.4&#8243; _module_preset=&#8220;default&#8220; hover_enabled=&#8220;0&#8243; global_colors_info=&#8220;{}&#8220; sticky_enabled=&#8220;0&#8243;][et_pb_row column_structure=&#8220;2_3,1_3&#8243; _builder_version=&#8220;4.27.4&#8243; _module_preset=&#8220;default&#8220; hover_enabled=&#8220;0&#8243; global_colors_info=&#8220;{}&#8220; sticky_enabled=&#8220;0&#8243;][et_pb_column type=&#8220;2_3&#8243; _builder_version=&#8220;4.27.4&#8243; _module_preset=&#8220;default&#8220; global_colors_info=&#8220;{}&#8220;][et_pb_heading title=&#8220;Angebot f\u00fcr Firmen&#8220; _builder_version=&#8220;4.27.4&#8243; _module_preset=&#8220;default&#8220; hover_enabled=&#8220;0&#8243; global_colors_info=&#8220;{}&#8220; sticky_enabled=&#8220;0&#8243;][\/et_pb_heading][\/et_pb_column][et_pb_column type=&#8220;1_3&#8243; _builder_version=&#8220;4.27.4&#8243; _module_preset=&#8220;default&#8220; global_colors_info=&#8220;{}&#8220;][\/et_pb_column][\/et_pb_row][\/et_pb_section][et_pb_section fb_built=&#8220;1&#8243; _builder_version=&#8220;4.27.4&#8243; _module_preset=&#8220;default&#8220; custom_padding=&#8220;3px|||||&#8220; global_colors_info=&#8220;{}&#8220;][et_pb_row use_custom_gutter=&#8220;on&#8220; gutter_width=&#8220;2&#8243; make_equal=&#8220;on&#8220; _builder_version=&#8220;4.27.4&#8243; _module_preset=&#8220;default&#8220; hover_enabled=&#8220;0&#8243; global_colors_info=&#8220;{}&#8220; sticky_enabled=&#8220;0&#8243;][et_pb_column type=&#8220;4_4&#8243; _builder_version=&#8220;4.27.4&#8243; _module_preset=&#8220;default&#8220; global_colors_info=&#8220;{}&#8220;][et_pb_blurb title=&#8220;Betreibungsausz\u00fcge im Multipack&#8220; url=&#8220;@ET-DC@eyJkeW5hbWljIjp0cnVlLCJjb250ZW50IjoicG9zdF9saW5rX3VybF9wYWdlIiwic2V0dGluZ3MiOnsicG9zdF9pZCI6IjI5NjA4In19@&#8220; _builder_version=&#8220;4.27.4&#8243; _dynamic_attributes=&#8220;url,link_option_url&#8220; _module_preset=&#8220;402fb93b-c2a6-4b32-8001-a66dcefb70f9&#8243; height=&#8220;100%&#8220; custom_padding=&#8220;10px|10px|0px|10px|false|false&#8220; link_option_url=&#8220;@ET-DC@eyJkeW5hbWljIjp0cnVlLCJjb250ZW50IjoicG9zdF9saW5rX3VybF9wYWdlIiwic2V0dGluZ3MiOnsicG9zdF9pZCI6IjIifX0=@&#8220; hover_enabled=&#8220;0&#8243; global_colors_info=&#8220;{}&#8220; animation_style=&#8220;none&#8220; sticky_enabled=&#8220;0&#8243;]<\/p>\n<p><span>Sie ben\u00f6tigen mehr als 10 Betreibungsausz\u00fcge pro Jahr? In dem Fall lohnt sich eine Gesamtl\u00f6sung. Wir erarbeiten das g\u00fcnstigste Angebot f\u00fcr Sie.<\/span><\/p>\n<p><span><a href=\"#\" class=\"pa-blurb-button\">Jetzt Offerte bestellen<\/a><\/span><\/p>\n<p>[\/et_pb_blurb][\/et_pb_column][\/et_pb_row][et_pb_row column_structure=&#8220;1_3,1_3,1_3&#8243; _builder_version=&#8220;4.27.4&#8243; _module_preset=&#8220;default&#8220; hover_enabled=&#8220;0&#8243; global_colors_info=&#8220;{}&#8220; sticky_enabled=&#8220;0&#8243;][et_pb_column type=&#8220;1_3&#8243; _builder_version=&#8220;4.27.4&#8243; _module_preset=&#8220;default&#8220; global_colors_info=&#8220;{}&#8220;][et_pb_blurb image=&#8220;https:\/\/betreibung.operate.ch\/wp-content\/uploads\/2025\/02\/online_bestellen_icon2.svg&#8220; _builder_version=&#8220;4.27.4&#8243; _module_preset=&#8220;default&#8220; max_width=&#8220;240px&#8220; custom_margin=&#8220;auto|auto|auto|auto|false|false&#8220; hover_enabled=&#8220;0&#8243; global_colors_info=&#8220;{}&#8220; sticky_enabled=&#8220;0&#8243;]<\/p>\n<p style=\"text-align: center;\"><span>Express-Lieferung am gleichen,<\/span><br \/><span>sp\u00e4testens nachfolgenden Tag.<\/span><\/p>\n<p>[\/et_pb_blurb][\/et_pb_column][et_pb_column type=&#8220;1_3&#8243; _builder_version=&#8220;4.27.4&#8243; _module_preset=&#8220;default&#8220; global_colors_info=&#8220;{}&#8220;][et_pb_blurb image=&#8220;https:\/\/betreibung.operate.ch\/wp-content\/uploads\/2025\/02\/online_bestellen_icon1.svg&#8220; _builder_version=&#8220;4.27.4&#8243; _module_preset=&#8220;default&#8220; max_width=&#8220;240px&#8220; custom_margin=&#8220;auto|auto|auto|auto|false|false&#8220; hover_enabled=&#8220;0&#8243; global_colors_info=&#8220;{}&#8220; sticky_enabled=&#8220;0&#8243;]<\/p>\n<p style=\"text-align: center;\"><span>Elektronische Abwicklung.<\/span><\/p>\n<p>[\/et_pb_blurb][\/et_pb_column][et_pb_column type=&#8220;1_3&#8243; _builder_version=&#8220;4.27.4&#8243; _module_preset=&#8220;default&#8220; global_colors_info=&#8220;{}&#8220;][et_pb_blurb image=&#8220;https:\/\/betreibung.operate.ch\/wp-content\/uploads\/2025\/02\/Angebot_fuer_Firmen_icon3.svg&#8220; _builder_version=&#8220;4.27.4&#8243; _module_preset=&#8220;default&#8220; max_width=&#8220;240px&#8220; custom_margin=&#8220;auto|auto|auto|auto|false|false&#8220; hover_enabled=&#8220;0&#8243; global_colors_info=&#8220;{}&#8220; sticky_enabled=&#8220;0&#8243;]<\/p>\n<p style=\"text-align: center;\"><span>Viele Ausz\u00fcge,<\/span><br \/><strong>eine<\/strong><span>\u00a0Rechnung.<\/span><\/p>\n<p>[\/et_pb_blurb][\/et_pb_column][\/et_pb_row][\/et_pb_section][et_pb_section fb_built=&#8220;1&#8243; _builder_version=&#8220;4.27.4&#8243; _module_preset=&#8220;default&#8220; custom_padding=&#8220;3px|||||&#8220; hover_enabled=&#8220;0&#8243; global_colors_info=&#8220;{}&#8220; sticky_enabled=&#8220;0&#8243;][et_pb_row _builder_version=&#8220;4.27.4&#8243; _module_preset=&#8220;default&#8220; hover_enabled=&#8220;0&#8243; global_colors_info=&#8220;{}&#8220; sticky_enabled=&#8220;0&#8243;][et_pb_column type=&#8220;4_4&#8243; _builder_version=&#8220;4.27.4&#8243; _module_preset=&#8220;default&#8220; global_colors_info=&#8220;{}&#8220;][et_pb_code _builder_version=&#8220;4.27.4&#8243; _module_preset=&#8220;default&#8220; hover_enabled=&#8220;0&#8243; custom_css_free_form=&#8220;     .accordion {||            width: 100%;||            overflow: hidden;||        }||||        .accordion input {||            display: none;||        }||||        .accordion label {||            display: flex;||            justify-content: space-between;||            align-items: center;||            color: #A55050;||            padding: 12px;||        }||||        .accordion .content {||            max-height: 0;||            overflow: hidden;||            padding: 0 12px;||            color: #444444;||            transition: max-height 0.3s ease-in-out, padding 0.3s ease-in-out;||        }||||        .accordion input:checked + label + .content {||            max-height: 400px;||            padding: 12px;||        }||||        \/* Icon-Styling *\/||        .accordion label::after {||            content: %22+%22;||            font-size: 36px;||            transition: transform 0.3s ease;||        }||||        .accordion input:checked + label::after {||            content: %22\u2212%22;||            transform: rotate(180deg);||        }||||ul.a {||  list-style-type: disc;||}&#8220; global_colors_info=&#8220;{}&#8220; sticky_enabled=&#8220;0&#8243;]<\/p>\n<div class=\"accordion\"><!-- [et_pb_line_break_holder] -->  <input type=\"checkbox\" id=\"section1\"><!-- [et_pb_line_break_holder] -->  <label for=\"section1\"><!-- [et_pb_line_break_holder] -->    <\/p>\n<h2><!-- [et_pb_line_break_holder] -->     Transparente Preise<!-- [et_pb_line_break_holder] -->    <\/h2>\n<p><!-- [et_pb_line_break_holder] -->  <\/label><!-- [et_pb_line_break_holder] -->  <\/p>\n<div class=\"content\"><!-- [et_pb_line_break_holder] -->   <!-- [et_pb_line_break_holder] -->    <pee>Ab 50 Ausz\u00fcgen pro Jahr &#8211; Pauschaltarif f\u00fcr Nutzung Plattform:<!\u2013- [et_pb_br_holder] -\u2013><strong>Ausz\u00fcge \u00a0 \u00a0\u00a0 Pauschalgeb\u00fchr*<\/strong><!\u2013- [et_pb_br_holder] -\u2013> \u00a0 50\u00a0\u00a0\u00a0\u00a0\u00a0\u00a0\u00a0\u00a0\u00a0\u00a0\u00a0\u00a0\u00a0 CHF\u00a0\u00a0 \u00a0 350.00<!\u2013- [et_pb_br_holder] -\u2013> 100\u00a0\u00a0\u00a0\u00a0\u00a0\u00a0\u00a0\u00a0\u00a0\u00a0\u00a0\u00a0\u00a0 CHF\u00a0\u00a0 \u00a0 650.00<!\u2013- [et_pb_br_holder] -\u2013> 200\u00a0\u00a0\u00a0\u00a0\u00a0\u00a0\u00a0\u00a0\u00a0\u00a0\u00a0\u00a0\u00a0 CHF\u00a0 1&#8217;000.00<\/pee><pee>*zuz\u00fcglich der amtlichen Geb\u00fchren pro Auszug CHF 18.00<\/pee><pee><strong>Pakete inklusive der amtlichen Geb\u00fchren:<\/strong><!\u2013- [et_pb_br_holder] -\u2013> \u00a0 6 Ausz\u00fcge zu CHF 165.00 (inkl. MwSt)<!\u2013- [et_pb_br_holder] -\u2013> 12 Ausz\u00fcge zu CHF 318.00 (inkl. MwSt)<\/pee><pee>Gerne zeigen wir Ihnen die M\u00f6glichkeiten f\u00fcr Ihre Firma auf. <!\u2013- [et_pb_br_holder] -\u2013><a href=\"\/betreibungsauszug\/angebot-fuer-firmen\/offerte-bestellen\/\">Jetzt kontaktieren<\/a><!\u2013- [et_pb_br_holder] -\u2013> \u00a0<\/pee>    <!-- [et_pb_line_break_holder] -->  <\/div>\n<p><!-- [et_pb_line_break_holder] --><!-- [et_pb_line_break_holder] --><!-- [et_pb_line_break_holder] -->  <input type=\"checkbox\" id=\"section2\"><!-- [et_pb_line_break_holder] -->  <label for=\"section2\"><!-- [et_pb_line_break_holder] -->    <\/p>\n<h2><!-- [et_pb_line_break_holder] -->      Your advantages<!-- [et_pb_line_break_holder] -->    <\/h2>\n<p><!-- [et_pb_line_break_holder] -->  <\/label><!-- [et_pb_line_break_holder] -->  <\/p>\n<div class=\"content\"><!-- [et_pb_line_break_holder] -->    <\/p>\n<ul><!-- [et_pb_line_break_holder] -->            <\/p>\n<li><a><!-- [et_pb_line_break_holder] -->              &#8211; Express-Lieferung am gleichen, sp\u00e4testens nachfolgenden Arbeitstag.<!-- [et_pb_line_break_holder] -->              <\/a><!-- [et_pb_line_break_holder] -->              <!-- [et_pb_line_break_holder] -->      <\/li>\n<p><!-- [et_pb_line_break_holder] -->            <\/p>\n<li><a><!-- [et_pb_line_break_holder] -->              &#8211; Zust\u00e4ndiges Betreibungsamt wird automatisch ermittelt.<!-- [et_pb_line_break_holder] -->              <\/a><!-- [et_pb_line_break_holder] -->              <!-- [et_pb_line_break_holder] -->      <\/li>\n<p><!-- [et_pb_line_break_holder] -->            <\/p>\n<li><!-- [et_pb_line_break_holder] -->              &#8211; Abwicklung online.<!-- [et_pb_line_break_holder] -->      <\/li>\n<p><!-- [et_pb_line_break_holder] -->            <\/p>\n<li><!-- [et_pb_line_break_holder] -->              &#8211; Keine Papier- und Portokosten.<!-- [et_pb_line_break_holder] -->      <\/li>\n<p><!-- [et_pb_line_break_holder] -->      <\/p>\n<li>&#8211; Tiefe Kosten: CHF 18 wie beim Betreibungsamt plus eine minimale Geb\u00fchr f\u00fcr die Nutzung der Plattform. Keine technischen Installationen notwendig.<!-- [et_pb_line_break_holder] -->      <\/li>\n<p><!-- [et_pb_line_break_holder] -->      <\/p>\n<li>&#8211; Eine einzige Rechnung statt pro Betreibungsamt eine.<!-- [et_pb_line_break_holder] -->      <\/li>\n<p><!-- [et_pb_line_break_holder] -->      <\/p>\n<li>&#8211; Sichere, verschl\u00fcsselte Daten\u00fcbertragung.<!-- [et_pb_line_break_holder] -->      <\/li>\n<p><!-- [et_pb_line_break_holder] -->    <\/ul>\n<p><!-- [et_pb_line_break_holder] -->  <\/div>\n<p><!-- [et_pb_line_break_holder] --><!-- [et_pb_line_break_holder] --><!-- [et_pb_line_break_holder] -->  <input type=\"checkbox\" id=\"section3\"><!-- [et_pb_line_break_holder] -->  <label for=\"section3\"><!-- [et_pb_line_break_holder] -->    <\/p>\n<h2><!-- [et_pb_line_break_holder] -->      Daf\u00fcr lohnen sich Betreibungsausz\u00fcge!<!-- [et_pb_line_break_holder] -->    <\/h2>\n<p><!-- [et_pb_line_break_holder] -->  <\/label><!-- [et_pb_line_break_holder] -->  <\/p>\n<div class=\"content\"><!-- [et_pb_line_break_holder] -->    <\/p>\n<ul><!-- [et_pb_line_break_holder] -->    \t<\/p>\n<li>Sichern Sie Ihr Gesch\u00e4ft ab, indem Sie vor Abschluss einen Betreibungsauszug \u00fcber Ihren Partner oder Kunden einholen.<!-- [et_pb_line_break_holder] -->      <\/li>\n<p><!-- [et_pb_line_break_holder] -->      <\/p>\n<li>Mietplattformen: bieten Sie potentiellen Mietern oder Mieterinnen die M\u00f6glichkeit, \u00fcber Ihre Plattform einen Betreibungsauszug zu beziehen. Ihre Kunden profitieren von der zus\u00e4tzlichen Dienstleistung, Sie als Vermieter haben den Betreibungsauszug sofort verf\u00fcgbar und sparen Zeit.<!-- [et_pb_line_break_holder] -->      <!-- [et_pb_line_break_holder] -->      <\/li>\n<p><!-- [et_pb_line_break_holder] -->      <\/p>\n<li><!-- [et_pb_line_break_holder] -->      Bevor Sie betreiben, holen Sie \u00fcber die Person\/Firma einen Betreibungsauszug ein. So sind Sie in der Lage, das weitere Vorgehen zu bestimmen. Sie k\u00f6nnen einsch\u00e4tzen, ob sich eine Betreibung lohnt.<!-- [et_pb_line_break_holder] -->      <\/li>\n<p><!-- [et_pb_line_break_holder] -->    <!-- [et_pb_line_break_holder] -->    <\/ul>\n<p><!-- [et_pb_line_break_holder] -->    <pee><!-- [et_pb_line_break_holder] --><\/pee><!-- [et_pb_line_break_holder] -->  <\/div>\n<p><!-- [et_pb_line_break_holder] --><!-- [et_pb_line_break_holder] --><!-- [et_pb_line_break_holder] --><!-- [et_pb_line_break_holder] --><!-- [et_pb_line_break_holder] --><\/div>\n<p>\t[\/et_pb_code][\/et_pb_column][\/et_pb_row][\/et_pb_section]<\/p>","protected":false},"excerpt":{"rendered":"<p>Sie ben\u00f6tigen mehr als 10 Betreibungsausz\u00fcge pro Jahr? In dem Fall lohnt sich eine Gesamtl\u00f6sung. Wir erarbeiten das g\u00fcnstigste Angebot f\u00fcr Sie. Jetzt Offerte bestellenExpress-Lieferung am gleichen,sp\u00e4testens nachfolgenden Tag.Elektronische Abwicklung.Viele Ausz\u00fcge,eine\u00a0Rechnung.<\/p>","protected":false},"author":2,"featured_media":0,"parent":0,"menu_order":0,"comment_status":"closed","ping_status":"closed","template":"","meta":{"_et_pb_use_builder":"on","_et_pb_old_content":"","_et_gb_content_width":"","inline_featured_image":false,"footnotes":""},"class_list":["post-29849","page","type-page","status-publish","hentry"],"_links":{"self":[{"href":"https:\/\/bspluswp.operate.ch\/en\/wp-json\/wp\/v2\/pages\/29849","targetHints":{"allow":["GET"]}}],"collection":[{"href":"https:\/\/bspluswp.operate.ch\/en\/wp-json\/wp\/v2\/pages"}],"about":[{"href":"https:\/\/bspluswp.operate.ch\/en\/wp-json\/wp\/v2\/types\/page"}],"author":[{"embeddable":true,"href":"https:\/\/bspluswp.operate.ch\/en\/wp-json\/wp\/v2\/users\/2"}],"replies":[{"embeddable":true,"href":"https:\/\/bspluswp.operate.ch\/en\/wp-json\/wp\/v2\/comments?post=29849"}],"version-history":[{"count":16,"href":"https:\/\/bspluswp.operate.ch\/en\/wp-json\/wp\/v2\/pages\/29849\/revisions"}],"predecessor-version":[{"id":30441,"href":"https:\/\/bspluswp.operate.ch\/en\/wp-json\/wp\/v2\/pages\/29849\/revisions\/30441"}],"wp:attachment":[{"href":"https:\/\/bspluswp.operate.ch\/en\/wp-json\/wp\/v2\/media?parent=29849"}],"curies":[{"name":"wp","href":"https:\/\/api.w.org\/{rel}","templated":true}]}}